{"id":3699,"date":"2024-02-19T14:46:48","date_gmt":"2024-02-19T19:46:48","guid":{"rendered":"https:\/\/polk-county-healthcare.local\/?page_id=3699"},"modified":"2024-08-28T13:07:31","modified_gmt":"2024-08-28T17:07:31","slug":"portal-en-linea","status":"publish","type":"page","link":"https:\/\/polkhealthcareplan.net\/es\/online-portal\/","title":{"rendered":"Portal en l\u00ednea"},"content":{"rendered":"","protected":false},"excerpt":{"rendered":"","protected":false},"author":2,"featured_media":0,"parent":0,"menu_order":0,"comment_status":"closed","ping_status":"closed","template":"page-portal.php","meta":{"_acf_changed":false,"footnotes":""},"class_list":["post-3699","page","type-page","status-publish","hentry"],"acf":[],"yoast_head":"<!-- This site is optimized with the Yoast SEO plugin v27.5 - https:\/\/yoast.com\/product\/yoast-seo-wordpress\/ -->\n<title>Online Portal | Polk County Portal | Polk HealthCare Plan<\/title>\n<meta name=\"description\" content=\"Visit our online portal to fill out a request form to join the Polk HealthCare Plan. Click here to apply for the Polk HealthCare Plan.\" \/>\n<meta name=\"robots\" content=\"index, follow, max-snippet:-1, max-image-preview:large, max-video-preview:-1\" \/>\n<link rel=\"canonical\" href=\"https:\/\/polkhealthcareplan.net\/es\/portal-en-linea\/\" \/>\n<meta property=\"og:locale\" content=\"es_MX\" \/>\n<meta property=\"og:type\" content=\"article\" \/>\n<meta property=\"og:title\" content=\"Online Portal | Polk County Portal | Polk HealthCare Plan\" \/>\n<meta property=\"og:description\" content=\"Visit our online portal to fill out a request form to join the Polk HealthCare Plan. Click here to apply for the Polk HealthCare Plan.\" \/>\n<meta property=\"og:url\" content=\"https:\/\/polkhealthcareplan.net\/es\/portal-en-linea\/\" \/>\n<meta property=\"og:site_name\" content=\"Polk County Health Care\" \/>\n<meta property=\"article:publisher\" content=\"https:\/\/www.facebook.com\/polkcountygovfl\/\" \/>\n<meta property=\"article:modified_time\" content=\"2024-08-28T17:07:31+00:00\" \/>\n<meta name=\"twitter:card\" content=\"summary_large_image\" \/>\n<meta name=\"twitter:site\" content=\"@polkcountyfl\" \/>\n<script type=\"application\/ld+json\" class=\"yoast-schema-graph\">{\"@context\":\"https:\\\/\\\/schema.org\",\"@graph\":[{\"@type\":\"WebPage\",\"@id\":\"https:\\\/\\\/polkhealthcareplan.net\\\/online-portal\\\/\",\"url\":\"https:\\\/\\\/polkhealthcareplan.net\\\/online-portal\\\/\",\"name\":\"Online Portal | Polk County Portal | Polk HealthCare Plan\",\"isPartOf\":{\"@id\":\"https:\\\/\\\/polkhealthcareplan.net\\\/#website\"},\"datePublished\":\"2024-02-19T19:46:48+00:00\",\"dateModified\":\"2024-08-28T17:07:31+00:00\",\"description\":\"Visit our online portal to fill out a request form to join the Polk HealthCare Plan. Click here to apply for the Polk HealthCare Plan.\",\"breadcrumb\":{\"@id\":\"https:\\\/\\\/polkhealthcareplan.net\\\/online-portal\\\/#breadcrumb\"},\"inLanguage\":\"es\",\"potentialAction\":[{\"@type\":\"ReadAction\",\"target\":[\"https:\\\/\\\/polkhealthcareplan.net\\\/online-portal\\\/\"]}]},{\"@type\":\"BreadcrumbList\",\"@id\":\"https:\\\/\\\/polkhealthcareplan.net\\\/online-portal\\\/#breadcrumb\",\"itemListElement\":[{\"@type\":\"ListItem\",\"position\":1,\"name\":\"Home\",\"item\":\"https:\\\/\\\/polkhealthcareplan.net\\\/\"},{\"@type\":\"ListItem\",\"position\":2,\"name\":\"Online Portal\"}]},{\"@type\":\"WebSite\",\"@id\":\"https:\\\/\\\/polkhealthcareplan.net\\\/#website\",\"url\":\"https:\\\/\\\/polkhealthcareplan.net\\\/\",\"name\":\"Polk County Health Care\",\"description\":\"\",\"publisher\":{\"@id\":\"https:\\\/\\\/polkhealthcareplan.net\\\/#organization\"},\"potentialAction\":[{\"@type\":\"SearchAction\",\"target\":{\"@type\":\"EntryPoint\",\"urlTemplate\":\"https:\\\/\\\/polkhealthcareplan.net\\\/?s={search_term_string}\"},\"query-input\":{\"@type\":\"PropertyValueSpecification\",\"valueRequired\":true,\"valueName\":\"search_term_string\"}}],\"inLanguage\":\"es\"},{\"@type\":\"Organization\",\"@id\":\"https:\\\/\\\/polkhealthcareplan.net\\\/#organization\",\"name\":\"Polk County Health Care\",\"url\":\"https:\\\/\\\/polkhealthcareplan.net\\\/\",\"logo\":{\"@type\":\"ImageObject\",\"inLanguage\":\"es\",\"@id\":\"https:\\\/\\\/polkhealthcareplan.net\\\/#\\\/schema\\\/logo\\\/image\\\/\",\"url\":\"https:\\\/\\\/polkhealthcareplan.net\\\/wp-content\\\/uploads\\\/2024\\\/01\\\/PHP_logo_horiz_full_color_white_circle.png\",\"contentUrl\":\"https:\\\/\\\/polkhealthcareplan.net\\\/wp-content\\\/uploads\\\/2024\\\/01\\\/PHP_logo_horiz_full_color_white_circle.png\",\"width\":2572,\"height\":494,\"caption\":\"Polk County Health Care\"},\"image\":{\"@id\":\"https:\\\/\\\/polkhealthcareplan.net\\\/#\\\/schema\\\/logo\\\/image\\\/\"},\"sameAs\":[\"https:\\\/\\\/www.facebook.com\\\/polkcountygovfl\\\/\",\"https:\\\/\\\/x.com\\\/polkcountyfl\",\"https:\\\/\\\/www.instagram.com\\\/polkcountygovfl\\\/\",\"https:\\\/\\\/www.youtube.com\\\/user\\\/polkcountyfl\"]}]}<\/script>\n<!-- \/ Yoast SEO plugin. -->","yoast_head_json":{"title":"Portal en l\u00ednea | Portal del Condado de Polk | Polk HealthCare Plan","description":"Visite nuestro portal en l\u00ednea para llenar un formulario de solicitud para unirse al Polk HealthCare Plan. Haga clic aqu\u00ed para solicitar el Polk HealthCare Plan.","robots":{"index":"index","follow":"follow","max-snippet":"max-snippet:-1","max-image-preview":"max-image-preview:large","max-video-preview":"max-video-preview:-1"},"canonical":"https:\/\/polkhealthcareplan.net\/es\/portal-en-linea\/","og_locale":"es_MX","og_type":"article","og_title":"Online Portal | Polk County Portal | Polk HealthCare Plan","og_description":"Visit our online portal to fill out a request form to join the Polk HealthCare Plan. Click here to apply for the Polk HealthCare Plan.","og_url":"https:\/\/polkhealthcareplan.net\/es\/portal-en-linea\/","og_site_name":"Polk County Health Care","article_publisher":"https:\/\/www.facebook.com\/polkcountygovfl\/","article_modified_time":"2024-08-28T17:07:31+00:00","twitter_card":"summary_large_image","twitter_site":"@polkcountyfl","schema":{"@context":"https:\/\/schema.org","@graph":[{"@type":"WebPage","@id":"https:\/\/polkhealthcareplan.net\/online-portal\/","url":"https:\/\/polkhealthcareplan.net\/online-portal\/","name":"Portal en l\u00ednea | Portal del Condado de Polk | Polk HealthCare Plan","isPartOf":{"@id":"https:\/\/polkhealthcareplan.net\/#website"},"datePublished":"2024-02-19T19:46:48+00:00","dateModified":"2024-08-28T17:07:31+00:00","description":"Visite nuestro portal en l\u00ednea para llenar un formulario de solicitud para unirse al Polk HealthCare Plan. Haga clic aqu\u00ed para solicitar el Polk HealthCare Plan.","breadcrumb":{"@id":"https:\/\/polkhealthcareplan.net\/online-portal\/#breadcrumb"},"inLanguage":"es","potentialAction":[{"@type":"ReadAction","target":["https:\/\/polkhealthcareplan.net\/online-portal\/"]}]},{"@type":"BreadcrumbList","@id":"https:\/\/polkhealthcareplan.net\/online-portal\/#breadcrumb","itemListElement":[{"@type":"ListItem","position":1,"name":"Home","item":"https:\/\/polkhealthcareplan.net\/"},{"@type":"ListItem","position":2,"name":"Online Portal"}]},{"@type":"WebSite","@id":"https:\/\/polkhealthcareplan.net\/#website","url":"https:\/\/polkhealthcareplan.net\/","name":"Asistencia sanitaria del condado de Polk","description":"","publisher":{"@id":"https:\/\/polkhealthcareplan.net\/#organization"},"potentialAction":[{"@type":"SearchAction","target":{"@type":"EntryPoint","urlTemplate":"https:\/\/polkhealthcareplan.net\/?s={search_term_string}"},"query-input":{"@type":"PropertyValueSpecification","valueRequired":true,"valueName":"search_term_string"}}],"inLanguage":"es"},{"@type":"Organization","@id":"https:\/\/polkhealthcareplan.net\/#organization","name":"Asistencia sanitaria del condado de Polk","url":"https:\/\/polkhealthcareplan.net\/","logo":{"@type":"ImageObject","inLanguage":"es","@id":"https:\/\/polkhealthcareplan.net\/#\/schema\/logo\/image\/","url":"https:\/\/polkhealthcareplan.net\/wp-content\/uploads\/2024\/01\/PHP_logo_horiz_full_color_white_circle.png","contentUrl":"https:\/\/polkhealthcareplan.net\/wp-content\/uploads\/2024\/01\/PHP_logo_horiz_full_color_white_circle.png","width":2572,"height":494,"caption":"Polk County Health Care"},"image":{"@id":"https:\/\/polkhealthcareplan.net\/#\/schema\/logo\/image\/"},"sameAs":["https:\/\/www.facebook.com\/polkcountygovfl\/","https:\/\/x.com\/polkcountyfl","https:\/\/www.instagram.com\/polkcountygovfl\/","https:\/\/www.youtube.com\/user\/polkcountyfl"]}]}},"_links":{"self":[{"href":"https:\/\/polkhealthcareplan.net\/es\/wp-json\/wp\/v2\/pages\/3699","targetHints":{"allow":["GET"]}}],"collection":[{"href":"https:\/\/polkhealthcareplan.net\/es\/wp-json\/wp\/v2\/pages"}],"about":[{"href":"https:\/\/polkhealthcareplan.net\/es\/wp-json\/wp\/v2\/types\/page"}],"author":[{"embeddable":true,"href":"https:\/\/polkhealthcareplan.net\/es\/wp-json\/wp\/v2\/users\/2"}],"replies":[{"embeddable":true,"href":"https:\/\/polkhealthcareplan.net\/es\/wp-json\/wp\/v2\/comments?post=3699"}],"version-history":[{"count":0,"href":"https:\/\/polkhealthcareplan.net\/es\/wp-json\/wp\/v2\/pages\/3699\/revisions"}],"wp:attachment":[{"href":"https:\/\/polkhealthcareplan.net\/es\/wp-json\/wp\/v2\/media?parent=3699"}],"curies":[{"name":"wp","href":"https:\/\/api.w.org\/{rel}","templated":true}]}}